{"id":258,"date":"2016-01-06T18:43:51","date_gmt":"2016-01-06T17:43:51","guid":{"rendered":"http:\/\/residencia-fundador.com\/fundador_neu\/?page_id=258"},"modified":"2018-02-08T12:06:40","modified_gmt":"2018-02-08T11:06:40","slug":"anreise","status":"publish","type":"page","link":"https:\/\/residencia-fundador.com\/en\/kontakt\/anreise\/","title":{"rendered":"Arrival"},"content":{"rendered":"<p><span id=\"result_box\" class=\"\" lang=\"en\">Travel comfortably and quickly by plane. The nearest<br \/>\nAirport is Alicante.<br \/>\n<span class=\"\">Alicante is<\/span> <span class=\"\">served by the following airlines e.g.<br \/>\n<\/span><\/span><\/p>\n<p><strong>Ryanair<\/strong> <a href=\"https:\/\/www.ryanair.com\/de\/de\/\" target=\"_blank\" rel=\"noopener\">https:\/\/www.ryanair.com\/de\/de\/<\/a><br \/>\n<strong>Air Berlin<\/strong> <a href=\"https:\/\/www.airberlin.com\/de-DE\/\" target=\"_blank\" rel=\"noopener\">https:\/\/www.airberlin.com\/de-DE\/<\/a><br \/>\n<strong>Lufthansa<\/strong> <a href=\"http:\/\/www.lufthansa.com\/ES\/en\/Homepage\" target=\"_blank\" rel=\"noopener\">http:\/\/www.lufthansa.com\/ES\/en\/Homepage<\/a><br \/>\n<strong>Easy Jet<\/strong> <a href=\"http:\/\/www.easyjet.com\/es\" target=\"_blank\" rel=\"noopener\">http:\/\/www.easyjet.com\/es<\/a><br \/>\n<strong>German Wings<\/strong> <a href=\"https:\/\/www.germanwings.com\" target=\"_blank\" rel=\"noopener\">https:\/\/www.germanwings.com<\/a><br \/>\n<strong>Norwegian<\/strong> <a href=\"http:\/\/www.norwegian.com\/\" target=\"_blank\" rel=\"noopener\">http:\/\/www.norwegian.com\/<\/a><br \/>\n<strong>Vueling<\/strong> <a href=\"http:\/\/www.vueling.com\/\" target=\"_blank\" rel=\"noopener\">http:\/\/www.vueling.com\/<\/a><\/p>\n<p>There are often special offers for early bookers.<\/p>\n<p><!--\n\nEinen guten \u00dcberblick \u00fcber <strong>Mietw\u00e4gen<\/strong> am Flughafen Alicante erhalten Sie \u00fcber\nfolgenden Link\n<a href=\"https:\/\/www.billiger-mietwagen.de\/mietwagen-flughafen-alicante.html\" target=\"_blank\" rel=\"noopener\">https:\/\/www.billiger-mietwagen.de\/mietwagen-flughafen-alicante.html<\/a>\n\n--><\/p>\n","protected":false},"excerpt":{"rendered":"<p>Travel comfortably and quickly by plane. The nearest Airport is Alicante. Alicante is served by the following airlines e.g. Ryanair https:\/\/www.ryanair.com\/de\/de\/ Air Berlin https:\/\/www.airberlin.com\/de-DE\/ Lufthansa http:\/\/www.lufthansa.com\/ES\/en\/Homepage Easy Jet http:\/\/www.easyjet.com\/es German Wings https:\/\/www.germanwings.com Norwegian http:\/\/www.norwegian.com\/ Vueling http:\/\/www.vueling.com\/ There are often special offers for early bookers.<\/p>\n","protected":false},"author":1,"featured_media":0,"parent":28,"menu_order":0,"comment_status":"closed","ping_status":"closed","template":"","meta":{"ngg_post_thumbnail":0,"footnotes":""},"class_list":["post-258","page","type-page","status-publish","hentry"],"translation":{"provider":"WPGlobus","version":"3.0.2","language":"en","enabled_languages":["de","en"],"languages":{"de":{"title":true,"content":true,"excerpt":false},"en":{"title":true,"content":true,"excerpt":false}}},"_links":{"self":[{"href":"https:\/\/residencia-fundador.com\/en\/wp-json\/wp\/v2\/pages\/258","targetHints":{"allow":["GET"]}}],"collection":[{"href":"https:\/\/residencia-fundador.com\/en\/wp-json\/wp\/v2\/pages"}],"about":[{"href":"https:\/\/residencia-fundador.com\/en\/wp-json\/wp\/v2\/types\/page"}],"author":[{"embeddable":true,"href":"https:\/\/residencia-fundador.com\/en\/wp-json\/wp\/v2\/users\/1"}],"replies":[{"embeddable":true,"href":"https:\/\/residencia-fundador.com\/en\/wp-json\/wp\/v2\/comments?post=258"}],"version-history":[{"count":5,"href":"https:\/\/residencia-fundador.com\/en\/wp-json\/wp\/v2\/pages\/258\/revisions"}],"predecessor-version":[{"id":539,"href":"https:\/\/residencia-fundador.com\/en\/wp-json\/wp\/v2\/pages\/258\/revisions\/539"}],"up":[{"embeddable":true,"href":"https:\/\/residencia-fundador.com\/en\/wp-json\/wp\/v2\/pages\/28"}],"wp:attachment":[{"href":"https:\/\/residencia-fundador.com\/en\/wp-json\/wp\/v2\/media?parent=258"}],"curies":[{"name":"wp","href":"https:\/\/api.w.org\/{rel}","templated":true}]}}