{"id":28,"date":"2016-01-05T12:30:53","date_gmt":"2016-01-05T11:30:53","guid":{"rendered":"http:\/\/residencia-fundador.com\/fundador_neu\/?page_id=28"},"modified":"2020-12-28T20:03:43","modified_gmt":"2020-12-28T19:03:43","slug":"kontakt","status":"publish","type":"page","link":"https:\/\/residencia-fundador.com\/en\/kontakt\/","title":{"rendered":"Contact us"},"content":{"rendered":"<p><strong>Boutique Hotel Residencia Fundador<br \/>\nThe Strobl family<\/strong><br \/>\nCerro Caballero<br \/>\nNogalte No 10<br \/>\n04820 V\u00e9lez Rubio (Almer\u00eda)<br \/>\nAndaluc\u00eda &#8211; SPAIN<\/p>\n<p><i><b><a href=\"mailto:service@residencia-fundador.com\">service@residencia-fundador.com<\/a><\/b><\/i><\/p>\n<p><i><b>landline: 0034-950 093 025<br \/>\nmobile: 0034-658 308 308<\/b><\/i><\/p>\n\n<div class=\"wpcf7 no-js\" id=\"wpcf7-f4-o1\" lang=\"de-DE\" dir=\"ltr\" data-wpcf7-id=\"4\">\n<div class=\"screen-reader-response\"><p role=\"status\" aria-live=\"polite\" aria-atomic=\"true\"><\/p> <ul><\/ul><\/div>\n<form action=\"\/en\/wp-json\/wp\/v2\/pages\/28#wpcf7-f4-o1\" method=\"post\" class=\"wpcf7-form init\" aria-label=\"Kontaktformular\" novalidate=\"novalidate\" data-status=\"init\">\n<fieldset class=\"hidden-fields-container\"><input type=\"hidden\" name=\"_wpcf7\" value=\"4\" \/><input type=\"hidden\" name=\"_wpcf7_version\" value=\"6.1.5\" \/><input type=\"hidden\" name=\"_wpcf7_locale\" value=\"de_DE\" \/><input type=\"hidden\" name=\"_wpcf7_unit_tag\" value=\"wpcf7-f4-o1\" \/><input type=\"hidden\" name=\"_wpcf7_container_post\" value=\"0\" \/><input type=\"hidden\" name=\"_wpcf7_posted_data_hash\" value=\"\" \/>\n<\/fieldset>\n<h2>Kontaktformular\n<\/h2>\n<p>Ihr Name \/ your Name *\n<\/p>\n<p><span class=\"wpcf7-form-control-wrap\" data-name=\"your-name\"><input size=\"40\" maxlength=\"400\" class=\"wpcf7-form-control wpcf7-text wpcf7-validates-as-required\" aria-required=\"true\" aria-invalid=\"false\" value=\"\" type=\"text\" name=\"your-name\" \/><\/span>\n<\/p>\n<p>Ihre E-Mail-Adresse \/ your email address *\n<\/p>\n<p><span class=\"wpcf7-form-control-wrap\" data-name=\"your-email\"><input size=\"40\" maxlength=\"400\" class=\"wpcf7-form-control wpcf7-email wpcf7-validates-as-required wpcf7-text wpcf7-validates-as-email\" aria-required=\"true\" aria-invalid=\"false\" value=\"\" type=\"email\" name=\"your-email\" \/><\/span>\n<\/p>\n<p>Betreff \/ subject\n<\/p>\n<p><span class=\"wpcf7-form-control-wrap\" data-name=\"your-subject\"><input size=\"40\" maxlength=\"400\" class=\"wpcf7-form-control wpcf7-text\" aria-invalid=\"false\" value=\"\" type=\"text\" name=\"your-subject\" \/><\/span>\n<\/p>\n<p>Ihre Nachricht \/ your message\n<\/p>\n<p><span class=\"wpcf7-form-control-wrap\" data-name=\"your-message\"><textarea cols=\"40\" rows=\"10\" maxlength=\"2000\" class=\"wpcf7-form-control wpcf7-textarea\" aria-invalid=\"false\" name=\"your-message\"><\/textarea><\/span>\n<\/p>\n<p><b>Datenschutzhinweis<\/b>\n<\/p>\n<p><br \/>\n<span class=\"wpcf7-form-control-wrap\" data-name=\"acceptance-474\"><span class=\"wpcf7-form-control wpcf7-acceptance\"><span class=\"wpcf7-list-item\"><input type=\"checkbox\" name=\"acceptance-474\" value=\"1\" aria-invalid=\"false\" \/><\/span><\/span><\/span> Ich stimme zu, dass meine Angaben aus dem Kontaktformular zur Beantwortung meiner Anfrage erhoben und verarbeitet werden. Die Daten werden nach abgeschlossener Bearbeitung der Anfrage gel\u00f6scht. Hinweis: Die Einwilligung kann jederzeit f\u00fcr die Zukunft per E-Mail an service@residencia-fundador.com widerrufen werden. > <a href=\"https:\/\/residencia-fundador.com\/impressum\/datenschutz\/\">Datenschutzerkl\u00e4rung<\/a>\n<\/p>\n<p>Spamschutz \/ Anti spam protection\n<\/p>\n<p><input type=\"hidden\" name=\"_wpcf7_captcha_challenge_captcha-1\" value=\"1405768171\" \/><img loading=\"lazy\" decoding=\"async\" class=\"wpcf7-form-control wpcf7-captchac wpcf7-captcha-captcha-1\" width=\"72\" height=\"24\" alt=\"captcha\" src=\"https:\/\/residencia-fundador.com\/wp-content\/uploads\/wpcf7_captcha\/1405768171.png\" \/><span class=\"wpcf7-form-control-wrap\" data-name=\"captcha-1\"><input size=\"40\" class=\"wpcf7-form-control wpcf7-captchar\" autocomplete=\"off\" aria-invalid=\"false\" value=\"\" type=\"text\" name=\"captcha-1\" \/><\/span>\n<\/p>\n<p><input class=\"wpcf7-form-control wpcf7-submit has-spinner\" type=\"submit\" value=\"Senden\" \/>\n<\/p>\n<p>* = Pflichtfeld \/ required\n<\/p><div class=\"wpcf7-response-output\" aria-hidden=\"true\"><\/div>\n<\/form>\n<\/div>\n\n<p><em>Thank you for your message which we will answer as soon as possible.<br \/>\n<\/em><\/p>\n","protected":false},"excerpt":{"rendered":"<p>Boutique Hotel Residencia Fundador The Strobl family Cerro Caballero Nogalte No 10 04820 V\u00e9lez Rubio (Almer\u00eda) Andaluc\u00eda &#8211; SPAIN service@residencia-fundador.com landline: 0034-950 093 025 mobile: 0034-658 308 308 Thank you for your message which we will answer as soon as possible.<\/p>\n","protected":false},"author":1,"featured_media":0,"parent":0,"menu_order":0,"comment_status":"closed","ping_status":"closed","template":"","meta":{"ngg_post_thumbnail":0,"footnotes":""},"class_list":["post-28","page","type-page","status-publish","hentry"],"translation":{"provider":"WPGlobus","version":"3.0.2","language":"en","enabled_languages":["de","en"],"languages":{"de":{"title":true,"content":true,"excerpt":false},"en":{"title":true,"content":true,"excerpt":false}}},"_links":{"self":[{"href":"https:\/\/residencia-fundador.com\/en\/wp-json\/wp\/v2\/pages\/28","targetHints":{"allow":["GET"]}}],"collection":[{"href":"https:\/\/residencia-fundador.com\/en\/wp-json\/wp\/v2\/pages"}],"about":[{"href":"https:\/\/residencia-fundador.com\/en\/wp-json\/wp\/v2\/types\/page"}],"author":[{"embeddable":true,"href":"https:\/\/residencia-fundador.com\/en\/wp-json\/wp\/v2\/users\/1"}],"replies":[{"embeddable":true,"href":"https:\/\/residencia-fundador.com\/en\/wp-json\/wp\/v2\/comments?post=28"}],"version-history":[{"count":13,"href":"https:\/\/residencia-fundador.com\/en\/wp-json\/wp\/v2\/pages\/28\/revisions"}],"predecessor-version":[{"id":742,"href":"https:\/\/residencia-fundador.com\/en\/wp-json\/wp\/v2\/pages\/28\/revisions\/742"}],"wp:attachment":[{"href":"https:\/\/residencia-fundador.com\/en\/wp-json\/wp\/v2\/media?parent=28"}],"curies":[{"name":"wp","href":"https:\/\/api.w.org\/{rel}","templated":true}]}}