{"id":670,"date":"2020-12-13T19:37:22","date_gmt":"2020-12-13T18:37:22","guid":{"rendered":"https:\/\/residencia-fundador.com\/?page_id=670"},"modified":"2020-12-20T18:48:26","modified_gmt":"2020-12-20T17:48:26","slug":"armbaender-aus-pferdehaaren","status":"publish","type":"page","link":"https:\/\/residencia-fundador.com\/en\/armbaender-aus-pferdehaaren\/","title":{"rendered":"Bracelets from horsehair"},"content":{"rendered":"<p><strong>Handgemachte Armb\u00e4nder aus Pferdehaaren sowohl von unseren Pferden, als auch von Deinem Pferd<\/strong><\/p>\n<p><!-- \/wp:paragraph --><\/p>\n<p><!-- wp:paragraph --><\/p>\n<p>Ich habe eine neue Leidenschaft f\u00fcr mich entdeckt. Mit viel Liebe zum Detail fertige ich aus den Schweifhaaren unserer Pferde wundersch\u00f6ne Armb\u00e4nder. Es ist zum einen der intensive Bezug zu unseren Pferden, der mich bei der Arbeit inspiriert, als auch das Material an sich. Das Pferdehaar ist unglaublich stabil und hat eine sehr sch\u00f6ne Haptik.<br>Auf den ersten Blick erscheint mancher Pferdeschweif als einfarbig, bei genauerem Hinsehen und Verarbeiten der Haare entdeckt man erst die sch\u00f6nen Farbspiele.<br>Es gibt sie in den unterschiedlichsten Varianten, mit Perlen, mit Glitzersteinen, mit Silberring und Buchstabe und viele Varianten mehr\u2026.<br>Jedes einzelne ist ein Unikat, hergestellt aus den Schweifhaaren unserer Pferde. Es entstehen wundersch\u00f6ne Kombinationen von verschiedenen Pferden, beispielsweise bei den zweifarbigen Armb\u00e4ndern.<\/p>\n<p><!-- \/wp:paragraph --><\/p>\n<p><!-- wp:paragraph --><\/p>\n<p>Gerne fertige ich auch auf Bestellung, aus den Schweifhaaren Deines Pferdes, individuell nach Deinen W\u00fcnschen, ein Armband.<br>Sende mir bitte einen daumendicken Strang Schweifhaare von ca 40 cm L\u00e4nge. Am besten schneidest Du die Schweifhaare an der Innenseite ab, dort sind sie am ges\u00fcndesten und sch\u00f6nsten, und es f\u00e4llt nicht auf.<\/p>\n<p><!-- \/wp:paragraph --><\/p>\n<p><!-- wp:paragraph --><\/p>\n<p>Die Armb\u00e4nder aus Pferdehaaren finden immer mehr Freunde. Das angenehme Material auf der Haut, sowie der Bezug zu Deinem Pferd, das somit auch im Alltag immer bei Dir ist und Dir Energie gibt, ist vielleicht das was die Leute so begeistert.<\/p>\n<p><!-- \/wp:paragraph --><\/p>\n<p><!-- wp:paragraph --><\/p>\n<p>Ein Armband aus den Schweifhaaren unserer Pferde, ist eine sch\u00f6ne Erinnerung f\u00fcr Dich, an den letzten Urlaub bei uns, und Dein\/en Lieblingspferd\/en, und soll Dir Energie im Alltag geben. Gerne fertige ich individuell nach Deinen W\u00fcnschen.<\/p>\n<p><!-- \/wp:paragraph --><\/p>\n<p><!-- wp:paragraph --><\/p>\n<p>Bei entsprechender Pflege kann der Schmuck ohne Probleme t\u00e4glich getragen werden. Das Armband, etwa alle 1-2 Wochen mit einem Haar\u00f6l einreiben. Dies verhindert das Brechen und Austrocknen der Pferdehaare. Staub und Schmutz k\u00f6nnen bei Bedarf mit einer weichen B\u00fcrste und klarem Wasser abgesp\u00fclt werden.<\/p>\n<p><!-- \/wp:paragraph --><\/p>\n<p><!-- wp:paragraph --><\/p>\n<p><strong><em>Hier ein paar Beispiele an Armbandmodellen:<\/em><\/strong><\/p>\n<p>&nbsp;<\/p>\n\n<!-- wp:image {\"id\":668,\"sizeSlug\":\"large\",\"linkDestination\":\"none\"} -->\n<figure class=\"wp-block-image size-large\"><img loading=\"lazy\" decoding=\"async\" width=\"1020\" height=\"574\" src=\"https:\/\/residencia-fundador.com\/wp-content\/uploads\/2020\/12\/Modell_zweifarbigLeoFundador-1020x574.jpg\" alt=\"Modell zweifarbig mit Leo &amp; Fundador RF\" class=\"wp-image-668\" srcset=\"https:\/\/residencia-fundador.com\/wp-content\/uploads\/2020\/12\/Modell_zweifarbigLeoFundador-1020x574.jpg 1020w, https:\/\/residencia-fundador.com\/wp-content\/uploads\/2020\/12\/Modell_zweifarbigLeoFundador-632x356.jpg 632w, https:\/\/residencia-fundador.com\/wp-content\/uploads\/2020\/12\/Modell_zweifarbigLeoFundador-768x432.jpg 768w, https:\/\/residencia-fundador.com\/wp-content\/uploads\/2020\/12\/Modell_zweifarbigLeoFundador.jpg 1200w\" sizes=\"auto, (max-width: 1020px) 100vw, 1020px\" \/><figcaption>Modell zweifarbig mit Leo &amp; Fundador RF<\/figcaption><\/figure>\n<!-- \/wp:image -->\n\n<!-- wp:image {\"id\":667,\"sizeSlug\":\"large\",\"linkDestination\":\"none\"} -->\n<figure class=\"wp-block-image size-large\"><img loading=\"lazy\" decoding=\"async\" width=\"1020\" height=\"574\" src=\"https:\/\/residencia-fundador.com\/wp-content\/uploads\/2020\/12\/Modell_Leo_Fundador-1020x574.jpg\" alt=\"Modell Leo &amp; Fundador RF\" class=\"wp-image-667\" srcset=\"https:\/\/residencia-fundador.com\/wp-content\/uploads\/2020\/12\/Modell_Leo_Fundador-1020x574.jpg 1020w, https:\/\/residencia-fundador.com\/wp-content\/uploads\/2020\/12\/Modell_Leo_Fundador-632x356.jpg 632w, https:\/\/residencia-fundador.com\/wp-content\/uploads\/2020\/12\/Modell_Leo_Fundador-768x432.jpg 768w, https:\/\/residencia-fundador.com\/wp-content\/uploads\/2020\/12\/Modell_Leo_Fundador.jpg 1200w\" sizes=\"auto, (max-width: 1020px) 100vw, 1020px\" \/><figcaption>Modell Leo &amp; Fundador RF<\/figcaption><\/figure>\n<!-- \/wp:image -->\n\n<!-- wp:image {\"id\":666,\"sizeSlug\":\"large\",\"linkDestination\":\"none\"} -->\n<figure class=\"wp-block-image size-large\"><img loading=\"lazy\" decoding=\"async\" width=\"1020\" height=\"574\" src=\"https:\/\/residencia-fundador.com\/wp-content\/uploads\/2020\/12\/Modell_Leo-1020x574.jpg\" alt=\"Modell Leo RF\" class=\"wp-image-666\" srcset=\"https:\/\/residencia-fundador.com\/wp-content\/uploads\/2020\/12\/Modell_Leo-1020x574.jpg 1020w, https:\/\/residencia-fundador.com\/wp-content\/uploads\/2020\/12\/Modell_Leo-632x356.jpg 632w, https:\/\/residencia-fundador.com\/wp-content\/uploads\/2020\/12\/Modell_Leo-768x432.jpg 768w, https:\/\/residencia-fundador.com\/wp-content\/uploads\/2020\/12\/Modell_Leo.jpg 1200w\" sizes=\"auto, (max-width: 1020px) 100vw, 1020px\" \/><figcaption>Modell Leo RF<\/figcaption><\/figure>\n<!-- \/wp:image -->\n\n<!-- wp:image {\"id\":665,\"sizeSlug\":\"large\",\"linkDestination\":\"none\"} -->\n<figure class=\"wp-block-image size-large\"><img loading=\"lazy\" decoding=\"async\" width=\"1020\" height=\"574\" src=\"https:\/\/residencia-fundador.com\/wp-content\/uploads\/2020\/12\/Modell_Hidalgo_weisserStein-1020x574.jpg\" alt=\"Modell Hidalgo RF mit weissem Stein Charm\" class=\"wp-image-665\" srcset=\"https:\/\/residencia-fundador.com\/wp-content\/uploads\/2020\/12\/Modell_Hidalgo_weisserStein-1020x574.jpg 1020w, https:\/\/residencia-fundador.com\/wp-content\/uploads\/2020\/12\/Modell_Hidalgo_weisserStein-632x356.jpg 632w, https:\/\/residencia-fundador.com\/wp-content\/uploads\/2020\/12\/Modell_Hidalgo_weisserStein-768x432.jpg 768w, https:\/\/residencia-fundador.com\/wp-content\/uploads\/2020\/12\/Modell_Hidalgo_weisserStein.jpg 1200w\" sizes=\"auto, (max-width: 1020px) 100vw, 1020px\" \/><figcaption>Modell Hidalgo RF mit weissem Stein Charm<\/figcaption><\/figure>\n<!-- \/wp:image -->\n\n<!-- wp:image {\"id\":664,\"sizeSlug\":\"large\",\"linkDestination\":\"none\"} -->\n<figure class=\"wp-block-image size-large\"><img loading=\"lazy\" decoding=\"async\" width=\"1020\" height=\"574\" src=\"https:\/\/residencia-fundador.com\/wp-content\/uploads\/2020\/12\/Modell_Hidalgo_rosaGlitzerBead-1020x574.jpg\" alt=\"Modell Hidalgo RF mit rosa Glitzer Bead\" class=\"wp-image-664\" srcset=\"https:\/\/residencia-fundador.com\/wp-content\/uploads\/2020\/12\/Modell_Hidalgo_rosaGlitzerBead-1020x574.jpg 1020w, https:\/\/residencia-fundador.com\/wp-content\/uploads\/2020\/12\/Modell_Hidalgo_rosaGlitzerBead-632x356.jpg 632w, https:\/\/residencia-fundador.com\/wp-content\/uploads\/2020\/12\/Modell_Hidalgo_rosaGlitzerBead-768x432.jpg 768w, https:\/\/residencia-fundador.com\/wp-content\/uploads\/2020\/12\/Modell_Hidalgo_rosaGlitzerBead.jpg 1200w\" sizes=\"auto, (max-width: 1020px) 100vw, 1020px\" \/><figcaption>Modell Hidalgo RF mit rosa Glitzer Bead<\/figcaption><\/figure>\n<!-- \/wp:image -->\n\n<!-- wp:image {\"id\":663,\"sizeSlug\":\"large\",\"linkDestination\":\"none\"} -->\n<figure class=\"wp-block-image size-large\"><img loading=\"lazy\" decoding=\"async\" width=\"1020\" height=\"574\" src=\"https:\/\/residencia-fundador.com\/wp-content\/uploads\/2020\/12\/Modell_Fundador_Buchstaben-1020x574.jpg\" alt=\"Modell Fundador RF mit Buchstaben Bead und Herz&amp;Schl\u00fcssel Charm\" class=\"wp-image-663\" srcset=\"https:\/\/residencia-fundador.com\/wp-content\/uploads\/2020\/12\/Modell_Fundador_Buchstaben-1020x574.jpg 1020w, https:\/\/residencia-fundador.com\/wp-content\/uploads\/2020\/12\/Modell_Fundador_Buchstaben-632x356.jpg 632w, https:\/\/residencia-fundador.com\/wp-content\/uploads\/2020\/12\/Modell_Fundador_Buchstaben-768x432.jpg 768w, https:\/\/residencia-fundador.com\/wp-content\/uploads\/2020\/12\/Modell_Fundador_Buchstaben.jpg 1200w\" sizes=\"auto, (max-width: 1020px) 100vw, 1020px\" \/><figcaption>Modell Fundador RF mit Buchstaben Bead und Herz&amp;Schl\u00fcssel Charm<\/figcaption><\/figure>\n<!-- \/wp:image -->\n\n<!-- wp:image {\"id\":662,\"sizeSlug\":\"large\",\"linkDestination\":\"none\"} -->\n<figure class=\"wp-block-image size-large\"><img loading=\"lazy\" decoding=\"async\" width=\"1020\" height=\"574\" src=\"https:\/\/residencia-fundador.com\/wp-content\/uploads\/2020\/12\/Modell_Bella_Perlen_weiss-1020x574.jpg\" alt=\"Modell Bella mit Perlen weiss und kleinen Edelstahlperlen\" class=\"wp-image-662\" srcset=\"https:\/\/residencia-fundador.com\/wp-content\/uploads\/2020\/12\/Modell_Bella_Perlen_weiss-1020x574.jpg 1020w, https:\/\/residencia-fundador.com\/wp-content\/uploads\/2020\/12\/Modell_Bella_Perlen_weiss-632x356.jpg 632w, https:\/\/residencia-fundador.com\/wp-content\/uploads\/2020\/12\/Modell_Bella_Perlen_weiss-768x432.jpg 768w, https:\/\/residencia-fundador.com\/wp-content\/uploads\/2020\/12\/Modell_Bella_Perlen_weiss.jpg 1200w\" sizes=\"auto, (max-width: 1020px) 100vw, 1020px\" \/><figcaption>Modell Bella mit Perlen weiss und kleinen Edelstahlperlen<\/figcaption><\/figure>\n<!-- \/wp:image -->\n\n<!-- wp:image {\"id\":661,\"sizeSlug\":\"large\",\"linkDestination\":\"none\"} -->\n<figure class=\"wp-block-image size-large\"><img loading=\"lazy\" decoding=\"async\" width=\"1020\" height=\"574\" src=\"https:\/\/residencia-fundador.com\/wp-content\/uploads\/2020\/12\/Mdell_Fundador_Perlen_weiss-1020x574.jpg\" alt=\"Modell Fundador RF mit Perlen weiss und kleinen Edelstahlperlen\" class=\"wp-image-661\" srcset=\"https:\/\/residencia-fundador.com\/wp-content\/uploads\/2020\/12\/Mdell_Fundador_Perlen_weiss-1020x574.jpg 1020w, https:\/\/residencia-fundador.com\/wp-content\/uploads\/2020\/12\/Mdell_Fundador_Perlen_weiss-632x356.jpg 632w, https:\/\/residencia-fundador.com\/wp-content\/uploads\/2020\/12\/Mdell_Fundador_Perlen_weiss-768x432.jpg 768w, https:\/\/residencia-fundador.com\/wp-content\/uploads\/2020\/12\/Mdell_Fundador_Perlen_weiss.jpg 1200w\" sizes=\"auto, (max-width: 1020px) 100vw, 1020px\" \/><figcaption>Modell Fundador RF mit Perlen weiss und kleinen Edelstahlperlen<\/figcaption><\/figure>\n<!-- \/wp:image -->\n\n<!-- wp:paragraph -->\n<p><strong>Preise:<\/strong><br>Armband, 5- oder 9-str\u00e4hnig, mit Edelstahlverschluss EUR 69,00<br>mit Silberverschluss EUR 79,00<\/p>\n<!-- \/wp:paragraph -->\n\n<!-- wp:paragraph -->\n<p>Armband, zweifach (1\u00d73 und1x5 straehnig),<br>mit Edelstahlverschluss EUR 79,00<br>mit Silberverschluss EUR 89,00<\/p>\n<!-- \/wp:paragraph -->\n\n<!-- wp:paragraph -->\n<p>zuz\u00fcglich der Kosten fuer Beads, Charms und Perlen,<br>Buchstabenbead in Silber EUR 25,00<br>Rosa Glitzerbead EUR 25,00<br>Charm von Thomas Sabo, weisser Stein EUR 28,00<br><em>Siehe Armbandmodell \u201eHidalgo RF mit weissem Stein Charm\u201c<\/em><br>Charm von Thomas Sabo, Herz &amp; Schl\u00fcssel (Silber) EUR 29,00<br><em>Siehe Armbandmodell \u201eFundador RF mit Buchstaben Bead und Herz&amp;Schl\u00fcssel Charm\u201c<\/em><br>Perlen weiss EUR 15,00<br>Perlen weiss mit kleinen Edelstahlperlen EUR 18,00<br><em>Siehe Armbandmodell \u201eBella mit Perlen weiss und kleinen Edelstahlperlen\u201c<\/em><\/p>\n<!-- \/wp:paragraph -->\n\n<!-- wp:paragraph -->\n<p>In den genannten Preisen ist die Mehrwertsteuer enthalten.<\/p>\n<!-- \/wp:paragraph -->\n\n<!-- wp:paragraph -->\n<p>Die Versandkosten sind inklusive fuer folgende L\u00e4nder: Deutschland, Oesterreich, Schweiz.<\/p>\n<!-- \/wp:paragraph -->\n\n<!-- wp:paragraph -->\n<p>Ich w\u00fcrde mich sehr freuen, wenn ich Euer Interesse geweckt habe. F\u00fcr weitere Fragen, W\u00fcnsche oder Anregungen stehe ich Euch gerne zur Verf\u00fcgung.<\/p>\n<!-- \/wp:paragraph -->\n\n<!-- wp:paragraph -->\n<p>Ein handgemachtes Armband ist ein wundersch\u00f6nes und sehr pers\u00f6nliches Geschenk. Gerne erstelle ich Euch einen Geschenkgutschein. Bei Interesse meldet Euch bitte per Email bei mir: <a href=\"mailto:service@residencia-fundador.com\">service@residencia-fundador.com<\/a><\/p>\n<!-- \/wp:paragraph -->\n\n<!-- wp:paragraph -->\n<p><\/p>\n<!-- \/wp:paragraph -->\n\n<!-- wp:paragraph -->\n<p><em><strong>Handmade bracelets from horse hair from our horses as well as from your horse<\/strong><\/em><\/p>\n<!-- \/wp:paragraph -->\n\n<!-- wp:paragraph -->\n<p><em>I have discovered a new passion for myself. With great attention to detail, I make beautiful bracelets from the tail hairs of our horses. On the one hand, it is the intensive relationship to our horses that inspires me in my work, but also the material itself. Horse hair is incredibly stable and has a very beautiful feel.<br>At first glance, some horse tails appear to be monochrome, but when you take a closer look and work with the hair, you discover the beautiful play of colours.<br>They come in many different variations, with pearls, with glittering stones, with silver ring and letter and many variations more\u2026.<br>Each one is unique, made from the tail hairs of our horses. Beautiful combinations of different horses are created, for example with the two-coloured bracelets.<\/em><\/p>\n<!-- \/wp:paragraph -->\n\n<!-- wp:paragraph -->\n<p><em>I am also happy to make bracelets to order from the tail hairs of your horse, individually according to your wishes.<br>Please send me a strand of tail hair about 40 cm long. It is best to cut the tail hair on the inside, as this is where it is healthiest and most beautiful, and it is not noticeable.<\/em><\/p>\n<!-- \/wp:paragraph -->\n\n<!-- wp:paragraph -->\n<p><em>Bracelets made of horse hair are becoming more and more popular. The pleasant material on the skin, as well as the connection to your horse, which is thus always with you in everyday life and gives you energy, is perhaps what makes people so enthusiastic.<\/em><\/p>\n<!-- \/wp:paragraph -->\n\n<!-- wp:paragraph -->\n<p><em>A bracelet made from the tail hair of our horses is a beautiful reminder for you of your last holiday with us and your favourite horse(s), and should give you energy in everyday life. I will be happy to make an individual bracelet according to your wishes.<\/em><\/p>\n<!-- \/wp:paragraph -->\n\n<!-- wp:paragraph -->\n<p><em>With appropriate care, the jewellery can be worn daily without any problems. Rub the bracelet with hair oil every 1-2 weeks. This prevents the horse hair from breaking and drying out. Dust and dirt can be rinsed off with a soft brush and clear water if necessary.<\/em><\/p>\n<!-- \/wp:paragraph -->\n\n<!-- wp:paragraph -->\n<p><em>Above are a few examples of bracelet models.<\/em><\/p>\n<!-- \/wp:paragraph -->\n\n<!-- wp:paragraph -->\n<p><em>Prices:<br>Bracelet, 5- or 9-strand, with stainless steel clasp EUR 69.00<br>with silver clasp EUR 79,00<\/em><\/p>\n<!-- \/wp:paragraph -->\n\n<!-- wp:paragraph -->\n<p><em>Bracelet, double (1\u00d73 and1x5 strands),<br>with stainless steel clasp EUR 79.00<br>with silver clasp EUR 89,00<\/em><\/p>\n<!-- \/wp:paragraph -->\n\n<!-- wp:paragraph -->\n<p><em>plus costs for beads, charms and pearls,<br>letter bead in silver EUR 25,00<br>Pink glitter bead EUR 25.00<br>Charm by Thomas Sabo, white stone EUR 28.00<br>See bracelet model &#8220;Hidalgo RF with white stone charm<br>Charm by Thomas Sabo, heart &amp; key (silver) EUR 29.00<br>See bracelet model &#8220;Fundador RF with letter bead and heart &amp; key charm&#8221;.<br>Pearls white EUR 15,00<br>Beads white with small stainless steel beads EUR 18.00<br>See bracelet model &#8220;Bella with white beads and small stainless steel beads<\/em><\/p>\n<!-- \/wp:paragraph -->\n\n<!-- wp:paragraph -->\n<p><em>The above prices include the value added tax.<\/em><\/p>\n<!-- \/wp:paragraph -->\n\n<!-- wp:paragraph -->\n<p><em>Shipping costs are included for the following countries: Germany, Austria, Switzerland.<\/em><\/p>\n<!-- \/wp:paragraph -->\n\n<!-- wp:paragraph -->\n<p><em>I would be very pleased if I have aroused your interest. If you have any further questions, wishes or suggestions, please do not hesitate to contact me.<\/em><\/p>\n<!-- \/wp:paragraph -->\n\n<!-- wp:paragraph -->\n<p><em>A handmade bracelet is a beautiful and very personal gift. I would be happy to create a gift voucher for you. If you are interested, please contact me by email,<\/em> <em><a href=\"mailto:service@residencia-fundador.com\">service@residencia-fundador.com<\/a><\/em><\/p>\n<!-- \/wp:paragraph -->\n\n<!-- wp:paragraph -->\n<p><\/p>\n<!-- \/wp:paragraph -->","protected":false},"excerpt":{"rendered":"<p>Handgemachte Armb\u00e4nder aus Pferdehaaren sowohl von unseren Pferden, als auch von Deinem Pferd Ich habe eine neue Leidenschaft f\u00fcr mich entdeckt. Mit viel Liebe zum Detail fertige ich aus den Schweifhaaren unserer Pferde wundersch\u00f6ne Armb\u00e4nder. Es ist zum einen der intensive Bezug zu unseren Pferden, der mich bei der Arbeit inspiriert, als auch das Material [&hellip;]<\/p>\n","protected":false},"author":1,"featured_media":0,"parent":0,"menu_order":0,"comment_status":"closed","ping_status":"closed","template":"","meta":{"ngg_post_thumbnail":0,"footnotes":""},"class_list":["post-670","page","type-page","status-publish","hentry"],"translation":{"provider":"WPGlobus","version":"3.0.2","language":"en","enabled_languages":["de","en"],"languages":{"de":{"title":true,"content":true,"excerpt":false},"en":{"title":true,"content":false,"excerpt":false}}},"_links":{"self":[{"href":"https:\/\/residencia-fundador.com\/en\/wp-json\/wp\/v2\/pages\/670","targetHints":{"allow":["GET"]}}],"collection":[{"href":"https:\/\/residencia-fundador.com\/en\/wp-json\/wp\/v2\/pages"}],"about":[{"href":"https:\/\/residencia-fundador.com\/en\/wp-json\/wp\/v2\/types\/page"}],"author":[{"embeddable":true,"href":"https:\/\/residencia-fundador.com\/en\/wp-json\/wp\/v2\/users\/1"}],"replies":[{"embeddable":true,"href":"https:\/\/residencia-fundador.com\/en\/wp-json\/wp\/v2\/comments?post=670"}],"version-history":[{"count":13,"href":"https:\/\/residencia-fundador.com\/en\/wp-json\/wp\/v2\/pages\/670\/revisions"}],"predecessor-version":[{"id":736,"href":"https:\/\/residencia-fundador.com\/en\/wp-json\/wp\/v2\/pages\/670\/revisions\/736"}],"wp:attachment":[{"href":"https:\/\/residencia-fundador.com\/en\/wp-json\/wp\/v2\/media?parent=670"}],"curies":[{"name":"wp","href":"https:\/\/api.w.org\/{rel}","templated":true}]}}