{"id":674,"date":"2020-12-13T19:57:49","date_gmt":"2020-12-13T18:57:49","guid":{"rendered":"https:\/\/residencia-fundador.com\/?page_id=674"},"modified":"2020-12-20T17:45:31","modified_gmt":"2020-12-20T16:45:31","slug":"beratung-und-vermittlung-von-iberischen-pferden","status":"publish","type":"page","link":"https:\/\/residencia-fundador.com\/en\/reitschule\/beratung-und-vermittlung-von-iberischen-pferden\/","title":{"rendered":"Advice and brokerage for Iberian horses"},"content":{"rendered":"<p><strong>Sie sind auf der Suche nach einem Andalusier, P.R.E oder Lusitano?<\/strong><\/p>\n<p>Gerne unterst\u00fctzen wir Sie hier vor Ort bei der Suche und Auswahl eines f\u00fcr Sie geeigneten Pferdes.<\/p>\n<p>In den letzten Jahren hatten wir die M\u00f6glichkeit ,viele pferdebegeisterte Menschen und Z\u00fcchter kennenzulernen, die mit grosser Leidenschaft f\u00fcr diese tollen Pferde z\u00fcchten.<\/p>\n<p>Wenn Sie dann das passende Pferd gefunden haben, helfen wir Ihnen bei den Formalit\u00e4ten f\u00fcr die Ausreise und empfehlen Ihnen Transporteure, bei denen Sie ein gutes Gef\u00fchl haben k\u00f6nnen, dass Ihr Pferd sicher bei Ihnen zuhause ankommt.<\/p>\n<p>&nbsp;<\/p>\n<p><em><strong>Advice and brokerage for Iberian horses<\/strong><\/em><\/p>\n<p><em>Are you looking for an Andalusian, P.R.E or Lusitano?<\/em><br \/>\n<em>We would be happy to support you here on site in the search and selection of a horse suitable for you.<\/em><\/p>\n<p><em>In the last few years we have had the opportunity to get to know many horse-loving people and breeders who breed with great passion for these great horses.<\/em><\/p>\n<p><em>Once you have found the right horse, we will help you with the formalities of leaving the country and recommend transporters with whom you can have a good feeling that your horse will arrive safely at your home.<\/em><\/p>\n","protected":false},"excerpt":{"rendered":"<p>Sie sind auf der Suche nach einem Andalusier, P.R.E oder Lusitano? Gerne unterst\u00fctzen wir Sie hier vor Ort bei der Suche und Auswahl eines f\u00fcr Sie geeigneten Pferdes. In den letzten Jahren hatten wir die M\u00f6glichkeit ,viele pferdebegeisterte Menschen und Z\u00fcchter kennenzulernen, die mit grosser Leidenschaft f\u00fcr diese tollen Pferde z\u00fcchten. Wenn Sie dann das [&hellip;]<\/p>\n","protected":false},"author":1,"featured_media":0,"parent":22,"menu_order":3,"comment_status":"closed","ping_status":"closed","template":"","meta":{"ngg_post_thumbnail":0,"footnotes":""},"class_list":["post-674","page","type-page","status-publish","hentry"],"translation":{"provider":"WPGlobus","version":"3.0.2","language":"en","enabled_languages":["de","en"],"languages":{"de":{"title":true,"content":true,"excerpt":false},"en":{"title":true,"content":false,"excerpt":false}}},"_links":{"self":[{"href":"https:\/\/residencia-fundador.com\/en\/wp-json\/wp\/v2\/pages\/674","targetHints":{"allow":["GET"]}}],"collection":[{"href":"https:\/\/residencia-fundador.com\/en\/wp-json\/wp\/v2\/pages"}],"about":[{"href":"https:\/\/residencia-fundador.com\/en\/wp-json\/wp\/v2\/types\/page"}],"author":[{"embeddable":true,"href":"https:\/\/residencia-fundador.com\/en\/wp-json\/wp\/v2\/users\/1"}],"replies":[{"embeddable":true,"href":"https:\/\/residencia-fundador.com\/en\/wp-json\/wp\/v2\/comments?post=674"}],"version-history":[{"count":4,"href":"https:\/\/residencia-fundador.com\/en\/wp-json\/wp\/v2\/pages\/674\/revisions"}],"predecessor-version":[{"id":727,"href":"https:\/\/residencia-fundador.com\/en\/wp-json\/wp\/v2\/pages\/674\/revisions\/727"}],"up":[{"embeddable":true,"href":"https:\/\/residencia-fundador.com\/en\/wp-json\/wp\/v2\/pages\/22"}],"wp:attachment":[{"href":"https:\/\/residencia-fundador.com\/en\/wp-json\/wp\/v2\/media?parent=674"}],"curies":[{"name":"wp","href":"https:\/\/api.w.org\/{rel}","templated":true}]}}