{"id":684,"date":"2020-12-13T20:16:59","date_gmt":"2020-12-13T19:16:59","guid":{"rendered":"https:\/\/residencia-fundador.com\/?page_id=684"},"modified":"2020-12-20T17:50:13","modified_gmt":"2020-12-20T16:50:13","slug":"yoga-reiten","status":"publish","type":"page","link":"https:\/\/residencia-fundador.com\/en\/reitschule\/yoga-reiten\/","title":{"rendered":"Yoga and Riding"},"content":{"rendered":"<p>Reiten und Yoga erg\u00e4nzen sich ganz wunderbar. Im Yoga kannst Du je nach Bedarf Deinen K\u00f6rper entspannen und dehnen oder bestimmte Muskelgruppen gezielt st\u00e4rken. Dein Nervensystem wird stimuliert und so f\u00e4llt es leichter, An- und Entspannung bewusst zu steuern.<\/p>\n<p>Wir freuen uns, dass wir mit Claudia eine Yogalehrerin gefunden haben, die uns mit ihrer herzlichen und lebensfrohen Art sofort begeistert hat. Ihre Yogastunden sind gepr\u00e4gt von Wertschaetzung fuer die Einzigartigkeit eines jeden Menschen.<\/p>\n<p>Sie legt besonderen Wert auf eine sichere Ausf\u00fchrung, entspannte Ausrichtung und die Verbindung von Geist und K\u00f6rper. Ihr Unterricht basiert auf langj\u00e4hriger und vielseitiger Erfahrung als Yogalehrerin.<\/p>\n<p>Als begeisterte Reiterin verbindet sie, die f\u00fcr Reiter relevanten k\u00f6rperlichen \u00dcbungen mit den f\u00fcr den besch\u00e4ftigten Geist n\u00e4hrenden Sch\u00e4tzen des Yoga. Zu den Sch\u00e4tzen des Yoga geh\u00f6ren Meditations- und Atmungstechniken. Sie runden die Unterrichtseinheiten harmonisch ab.<\/p>\n<p>Die Yogastunden sind fuer Anf\u00e4nger und Fortgeschrittene gleichermassen geeignet. Die kleine Gruppengr\u00f6sse erlaubt ein individuelles Eingehen auf die Bed\u00fcrfnisse eines jeden Einzelnen.<\/p>\n<p>Der Unterricht findet in unserem Hotel, in herrlichem Ambiente, auf einer unserer schattigen Terrassen oder, je nach Wetterlage, auf der sonnigen Terrasse neben dem Pool statt.<\/p>\n<p>Claudia ist ausgebildete Yogalehrerin und lebt mit ihrer Familie seit 2017 in Alicante. Sie unterrichtet in deutscher Sprache.<\/p>\n<p>Die Yogastunden k\u00f6nnen sowohl zu allen Reitpaketen als auch einzeln gebucht werden. F\u00fcr unsere Planung ist es jedoch wichtig, dass die Yogastunden gleich bei der Buchung mitangegeben werden.<\/p>\n<p><strong>Preise:<\/strong><\/p>\n<p>1 Yogaeinheit (ca 45min) EUR 27,00 \u201ebei einer Teilnehmerzahl von 3 Personen\u201c<\/p>\n<p>Paketpreis: 4 Yogaeinheiten (jeweils ca 45min) EUR 105,00 \u201ebei einer Teilnehmerzahl von 3 Personen\u201c<\/p>\n<p>Bei mehr oder weniger Teilnehmern reduziert bzw erh\u00f6ht sich der genannte Preis.<\/p>\n<p>Die gesetzliche Mehrwertsteuer ist in den genannten Preisen bereits enthalten.<\/p>\n<h3>\n<em>Yoga &amp; Riding<\/em><\/h3>\n<p><em>Riding and yoga complement each other wonderfully. In yoga you can relax and stretch your body as needed or strengthen specific muscle groups. Your nervous system is stimulated, making it easier to consciously control tension and relaxation.<\/em><\/p>\n<p><em>We are happy to have found a yoga teacher in Claudia, who immediately inspired us with her warm and cheerful manner. Her yoga classes are characterised by appreciation for the uniqueness of each person.<\/em><br \/>\n<em>She places special emphasis on safe execution, relaxed alignment and the connection between mind and body. Her teaching is based on many years of versatile experience as a yoga teacher.<\/em><\/p>\n<p><em>As an enthusiastic rider, she combines the physical exercises relevant to riders with the nourishing treasures of yoga for the busy mind. The treasures of yoga include meditation and breathing techniques. They harmoniously round off the classes.<\/em><\/p>\n<p><em>The yoga classes are suitable for beginners and advanced students alike. The small group size allows an individual approach to the needs of each person.<\/em><br \/>\n<em>The classes take place in our hotel, in a wonderful ambience, on one of our shady terraces or, depending on the weather, on the sunny terrace next to the pool.<\/em><\/p>\n<p><em>Claudia is a qualified yoga teacher and has been living in Alicante with her family since 2017. She teaches in German.<\/em><\/p>\n<p><em>The yoga classes can be booked with all the riding packages as well as individually. However, for our planning, it is important that the yoga lessons are included right away when booking.<\/em><\/p>\n<p><strong><em>Prices:<\/em><\/strong><br \/>\n<em>1 yoga unit (approx. 45min) EUR 27,00 \u201ewith a number of participants of 3 persons\u201c.<\/em><br \/>\n<em>Package price: 4 yoga sessions (each approx. 45min) EUR 105,00 \u201ewith a number of participants of 3 persons\u201c.<\/em><br \/>\n<em>If there are more or fewer participants, the price stated will be reduced or increased.<\/em><br \/>\n<em>Tax is already included in the prices quoted.<\/em><\/p>\n","protected":false},"excerpt":{"rendered":"<p>Reiten und Yoga erg\u00e4nzen sich ganz wunderbar. Im Yoga kannst Du je nach Bedarf Deinen K\u00f6rper entspannen und dehnen oder bestimmte Muskelgruppen gezielt st\u00e4rken. Dein Nervensystem wird stimuliert und so f\u00e4llt es leichter, An- und Entspannung bewusst zu steuern. Wir freuen uns, dass wir mit Claudia eine Yogalehrerin gefunden haben, die uns mit ihrer herzlichen [&hellip;]<\/p>\n","protected":false},"author":1,"featured_media":0,"parent":22,"menu_order":2,"comment_status":"closed","ping_status":"closed","template":"","meta":{"ngg_post_thumbnail":0,"footnotes":""},"class_list":["post-684","page","type-page","status-publish","hentry"],"translation":{"provider":"WPGlobus","version":"3.0.2","language":"en","enabled_languages":["de","en"],"languages":{"de":{"title":true,"content":true,"excerpt":false},"en":{"title":true,"content":false,"excerpt":false}}},"_links":{"self":[{"href":"https:\/\/residencia-fundador.com\/en\/wp-json\/wp\/v2\/pages\/684","targetHints":{"allow":["GET"]}}],"collection":[{"href":"https:\/\/residencia-fundador.com\/en\/wp-json\/wp\/v2\/pages"}],"about":[{"href":"https:\/\/residencia-fundador.com\/en\/wp-json\/wp\/v2\/types\/page"}],"author":[{"embeddable":true,"href":"https:\/\/residencia-fundador.com\/en\/wp-json\/wp\/v2\/users\/1"}],"replies":[{"embeddable":true,"href":"https:\/\/residencia-fundador.com\/en\/wp-json\/wp\/v2\/comments?post=684"}],"version-history":[{"count":4,"href":"https:\/\/residencia-fundador.com\/en\/wp-json\/wp\/v2\/pages\/684\/revisions"}],"predecessor-version":[{"id":730,"href":"https:\/\/residencia-fundador.com\/en\/wp-json\/wp\/v2\/pages\/684\/revisions\/730"}],"up":[{"embeddable":true,"href":"https:\/\/residencia-fundador.com\/en\/wp-json\/wp\/v2\/pages\/22"}],"wp:attachment":[{"href":"https:\/\/residencia-fundador.com\/en\/wp-json\/wp\/v2\/media?parent=684"}],"curies":[{"name":"wp","href":"https:\/\/api.w.org\/{rel}","templated":true}]}}